{"id":1179,"date":"2018-01-16T14:40:14","date_gmt":"2018-01-16T14:40:14","guid":{"rendered":"http:\/\/www.trescaires.com\/index.php\/blanc\/"},"modified":"2025-03-25T19:26:35","modified_gmt":"2025-03-25T19:26:35","slug":"blanc","status":"publish","type":"page","link":"https:\/\/www.trescaires.com\/ca\/index.php\/blanc\/","title":{"rendered":""},"content":{"rendered":"<h2>Mesclat Blanc<\/h2>\n<p id=\"u4969-4\"><strong>An\u00eds dol\u00e7 i an\u00eds sec<\/strong><\/p>\n<p id=\"u4969-6\"><strong>36% vol.<\/strong><\/p>\n<p id=\"u2858-12\"><strong>Disponible en:<\/strong><\/p>\n<p id=\"u4968-14\"><strong>\u2022 700 ml.<\/strong><\/p>\n<p>El<strong>\u00a0mesclat<\/strong>\u00a0\u00e9s una beguda molt popular a <strong>Mallorca<\/strong>, sobretot en temps de matances i per a les festes de <strong>Sant Antoni<\/strong> i <strong>Sant Sebasti\u00e0<\/strong>. Es tracta d\u2019una combinaci\u00f3 d\u2019an\u00eds sec o cassalla amb an\u00eds.<\/p>\n<p>\t\t\t\t\t\t\t\t\t\t\t\t\t\t\t<img fetchpriority=\"high\" decoding=\"async\" width=\"529\" height=\"1024\" src=\"https:\/\/www.trescaires.com\/wp-content\/uploads\/2017\/10\/mesclat-blanc-provisional-529x1024.jpg\" alt=\"\" srcset=\"https:\/\/www.trescaires.com\/wp-content\/uploads\/2017\/10\/mesclat-blanc-provisional-529x1024.jpg 529w, https:\/\/www.trescaires.com\/wp-content\/uploads\/2017\/10\/mesclat-blanc-provisional-155x300.jpg 155w, https:\/\/www.trescaires.com\/wp-content\/uploads\/2017\/10\/mesclat-blanc-provisional.jpg 586w\" sizes=\"(max-width: 529px) 100vw, 529px\" \/><br \/>\n\t\t\t\t\t\t\t\t\t\t\t\t\t\t\t<img decoding=\"async\" width=\"567\" height=\"283\" src=\"https:\/\/www.trescaires.com\/wp-content\/uploads\/2017\/10\/logoJp.jpg\" alt=\"\" srcset=\"https:\/\/www.trescaires.com\/wp-content\/uploads\/2017\/10\/logoJp.jpg 567w, https:\/\/www.trescaires.com\/wp-content\/uploads\/2017\/10\/logoJp-300x150.jpg 300w\" sizes=\"(max-width: 567px) 100vw, 567px\" \/>\t\t\t\t\t\t\t\t\t\t\t\t\t\t\t<\/p>\n<figure class='gallery-item'>\n\t\t\t\t<a data-elementor-open-lightbox=\"yes\" data-elementor-lightbox-slideshow=\"haf7a55\" data-elementor-lightbox-title=\"mesclat-blanc\" data-e-action-hash=\"#elementor-action%3Aaction%3Dlightbox%26settings%3DeyJpZCI6MTE5NjIsInVybCI6Imh0dHBzOlwvXC93d3cudHJlc2NhaXJlcy5jb21cL3dwLWNvbnRlbnRcL3VwbG9hZHNcLzIwMTdcLzEwXC9tZXNjbGF0LWJsYW5jLXByb3Zpc2lvbmFsLmpwZyIsInNsaWRlc2hvdyI6ImhhZjdhNTUifQ%3D%3D\" href='https:\/\/www.trescaires.com\/wp-content\/uploads\/2017\/10\/mesclat-blanc-provisional.jpg'><img width=\"150\" height=\"150\" src=\"https:\/\/www.trescaires.com\/wp-content\/uploads\/2017\/10\/mesclat-blanc-provisional-150x150.jpg\" alt=\"\" decoding=\"async\" srcset=\"https:\/\/www.trescaires.com\/wp-content\/uploads\/2017\/10\/mesclat-blanc-provisional-150x150.jpg 150w, https:\/\/www.trescaires.com\/wp-content\/uploads\/2017\/10\/mesclat-blanc-provisional-75x75.jpg 75w\" sizes=\"(max-width: 150px) 100vw, 150px\" \/><\/a><br \/>\n\t\t\t<\/figure>\n<p>El <strong>mesclat blanc<\/strong>\u00a0\u00e9s la combinaci\u00f3, en les proporcions adequades, d\u2019an\u00eds dol\u00e7 i an\u00eds sec i \u00e9s t\u00edpic de la comarca nord de <strong>Mallorca<\/strong>.<\/p>\n<h2>Es recomana prendre\u2019l fred o amb gel.<\/h2>\n<p>\t\t\t\t\t\t\t\t\t\t\t\t\t\t\t<img loading=\"lazy\" decoding=\"async\" width=\"199\" height=\"197\" src=\"https:\/\/www.trescaires.com\/wp-content\/uploads\/2017\/10\/mesclat-blanc-copes.jpg\" alt=\"\" srcset=\"https:\/\/www.trescaires.com\/wp-content\/uploads\/2017\/10\/mesclat-blanc-copes.jpg 199w, https:\/\/www.trescaires.com\/wp-content\/uploads\/2017\/10\/mesclat-blanc-copes-75x75.jpg 75w\" sizes=\"(max-width: 199px) 100vw, 199px\" \/><\/p>\n","protected":false},"excerpt":{"rendered":"<p>Mesclat Blanc An\u00eds dol\u00e7 i an\u00eds sec 36% vol. Disponible en: \u2022 700 ml. El\u00a0mesclat\u00a0\u00e9s una beguda molt popular a Mallorca, sobretot en temps de matances i per a les festes de Sant Antoni i Sant Sebasti\u00e0. Es tracta d\u2019una combinaci\u00f3 d\u2019an\u00eds sec o cassalla amb an\u00eds. El mesclat blanc\u00a0\u00e9s la combinaci\u00f3, en les proporcions [&hellip;]<\/p>\n","protected":false},"author":1,"featured_media":0,"parent":0,"menu_order":0,"comment_status":"closed","ping_status":"closed","template":"","meta":{"_genesis_hide_title":false,"_genesis_hide_breadcrumbs":false,"_genesis_hide_singular_image":false,"_genesis_hide_footer_widgets":false,"_genesis_custom_body_class":"","_genesis_custom_post_class":"","_genesis_layout":"","footnotes":""},"class_list":{"0":"post-1179","1":"page","2":"type-page","3":"status-publish","5":"entry"},"yoast_head":"<!-- This site is optimized with the Yoast SEO plugin v27.1.1 - https:\/\/yoast.com\/product\/yoast-seo-wordpress\/ -->\n<title>- Destiler\u00edas Jordi Perell\u00f3 SL Tres Caires<\/title>\n<meta name=\"robots\" content=\"index, follow, max-snippet:-1, max-image-preview:large, max-video-preview:-1\" \/>\n<link rel=\"canonical\" href=\"https:\/\/www.trescaires.com\/ca\/index.php\/blanc\/\" \/>\n<meta property=\"og:locale\" content=\"ca_ES\" \/>\n<meta property=\"og:type\" content=\"article\" \/>\n<meta property=\"og:title\" content=\"- Destiler\u00edas Jordi Perell\u00f3 SL Tres Caires\" \/>\n<meta property=\"og:description\" content=\"Mesclat Blanc An\u00eds dol\u00e7 i an\u00eds sec 36% vol. Disponible en: \u2022 700 ml. El\u00a0mesclat\u00a0\u00e9s una beguda molt popular a Mallorca, sobretot en temps de matances i per a les festes de Sant Antoni i Sant Sebasti\u00e0. Es tracta d\u2019una combinaci\u00f3 d\u2019an\u00eds sec o cassalla amb an\u00eds. El mesclat blanc\u00a0\u00e9s la combinaci\u00f3, en les proporcions [&hellip;]\" \/>\n<meta property=\"og:url\" content=\"https:\/\/www.trescaires.com\/ca\/index.php\/blanc\/\" \/>\n<meta property=\"og:site_name\" content=\"Destiler\u00edas Jordi Perell\u00f3 SL Tres Caires\" \/>\n<meta property=\"article:publisher\" content=\"https:\/\/www.facebook.com\/trescairesonline\" \/>\n<meta property=\"article:modified_time\" content=\"2025-03-25T19:26:35+00:00\" \/>\n<meta property=\"og:image\" content=\"https:\/\/www.trescaires.com\/wp-content\/uploads\/2017\/10\/mesclat-blanc-provisional-529x1024.jpg\" \/>\n<meta name=\"twitter:card\" content=\"summary_large_image\" \/>\n<meta name=\"twitter:site\" content=\"@trescaires\" \/>\n<meta name=\"twitter:label1\" content=\"Temps estimat de lectura\" \/>\n\t<meta name=\"twitter:data1\" content=\"2 minuts\" \/>\n<script type=\"application\/ld+json\" class=\"yoast-schema-graph\">{\"@context\":\"https:\/\/schema.org\",\"@graph\":[{\"@type\":\"WebPage\",\"@id\":\"https:\/\/www.trescaires.com\/ca\/index.php\/blanc\/\",\"url\":\"https:\/\/www.trescaires.com\/ca\/index.php\/blanc\/\",\"name\":\"- Destiler\u00edas Jordi Perell\u00f3 SL Tres Caires\",\"isPartOf\":{\"@id\":\"https:\/\/www.trescaires.com\/#website\"},\"primaryImageOfPage\":{\"@id\":\"https:\/\/www.trescaires.com\/ca\/index.php\/blanc\/#primaryimage\"},\"image\":{\"@id\":\"https:\/\/www.trescaires.com\/ca\/index.php\/blanc\/#primaryimage\"},\"thumbnailUrl\":\"https:\/\/www.trescaires.com\/wp-content\/uploads\/2017\/10\/mesclat-blanc-provisional-529x1024.jpg\",\"datePublished\":\"2018-01-16T14:40:14+00:00\",\"dateModified\":\"2025-03-25T19:26:35+00:00\",\"inLanguage\":\"ca\",\"potentialAction\":[{\"@type\":\"ReadAction\",\"target\":[\"https:\/\/www.trescaires.com\/ca\/index.php\/blanc\/\"]}]},{\"@type\":\"ImageObject\",\"inLanguage\":\"ca\",\"@id\":\"https:\/\/www.trescaires.com\/ca\/index.php\/blanc\/#primaryimage\",\"url\":\"https:\/\/www.trescaires.com\/wp-content\/uploads\/2017\/10\/mesclat-blanc-provisional-529x1024.jpg\",\"contentUrl\":\"https:\/\/www.trescaires.com\/wp-content\/uploads\/2017\/10\/mesclat-blanc-provisional-529x1024.jpg\"},{\"@type\":\"WebSite\",\"@id\":\"https:\/\/www.trescaires.com\/#website\",\"url\":\"https:\/\/www.trescaires.com\/\",\"name\":\"Destiler\u00edas Jordi Perell\u00f3 SL Tres Caires\",\"description\":\"Licores de Mallorca - Hierbas, Gin, Palo, Vinos, Ron\",\"publisher\":{\"@id\":\"https:\/\/www.trescaires.com\/#organization\"},\"potentialAction\":[{\"@type\":\"SearchAction\",\"target\":{\"@type\":\"EntryPoint\",\"urlTemplate\":\"https:\/\/www.trescaires.com\/?s={search_term_string}\"},\"query-input\":{\"@type\":\"PropertyValueSpecification\",\"valueRequired\":true,\"valueName\":\"search_term_string\"}}],\"inLanguage\":\"ca\"},{\"@type\":\"Organization\",\"@id\":\"https:\/\/www.trescaires.com\/#organization\",\"name\":\"Destiler\u00edas Jordi Perell\u00f3 SL\",\"url\":\"https:\/\/www.trescaires.com\/\",\"logo\":{\"@type\":\"ImageObject\",\"inLanguage\":\"ca\",\"@id\":\"https:\/\/www.trescaires.com\/#\/schema\/logo\/image\/\",\"url\":\"https:\/\/www.trescaires.com\/wp-content\/uploads\/2017\/09\/CAB.jpg\",\"contentUrl\":\"https:\/\/www.trescaires.com\/wp-content\/uploads\/2017\/09\/CAB.jpg\",\"width\":400,\"height\":130,\"caption\":\"Destiler\u00edas Jordi Perell\u00f3 SL\"},\"image\":{\"@id\":\"https:\/\/www.trescaires.com\/#\/schema\/logo\/image\/\"},\"sameAs\":[\"https:\/\/www.facebook.com\/trescairesonline\",\"https:\/\/x.com\/trescaires\",\"https:\/\/www.instagram.com\/3caires\/\",\"https:\/\/www.youtube.com\/watch?v=8ydHYjtEn3w\"]}]}<\/script>\n<!-- \/ Yoast SEO plugin. -->","yoast_head_json":{"title":"- Destiler\u00edas Jordi Perell\u00f3 SL Tres Caires","robots":{"index":"index","follow":"follow","max-snippet":"max-snippet:-1","max-image-preview":"max-image-preview:large","max-video-preview":"max-video-preview:-1"},"canonical":"https:\/\/www.trescaires.com\/ca\/index.php\/blanc\/","og_locale":"ca_ES","og_type":"article","og_title":"- Destiler\u00edas Jordi Perell\u00f3 SL Tres Caires","og_description":"Mesclat Blanc An\u00eds dol\u00e7 i an\u00eds sec 36% vol. Disponible en: \u2022 700 ml. El\u00a0mesclat\u00a0\u00e9s una beguda molt popular a Mallorca, sobretot en temps de matances i per a les festes de Sant Antoni i Sant Sebasti\u00e0. Es tracta d\u2019una combinaci\u00f3 d\u2019an\u00eds sec o cassalla amb an\u00eds. El mesclat blanc\u00a0\u00e9s la combinaci\u00f3, en les proporcions [&hellip;]","og_url":"https:\/\/www.trescaires.com\/ca\/index.php\/blanc\/","og_site_name":"Destiler\u00edas Jordi Perell\u00f3 SL Tres Caires","article_publisher":"https:\/\/www.facebook.com\/trescairesonline","article_modified_time":"2025-03-25T19:26:35+00:00","og_image":[{"url":"https:\/\/www.trescaires.com\/wp-content\/uploads\/2017\/10\/mesclat-blanc-provisional-529x1024.jpg","type":"","width":"","height":""}],"twitter_card":"summary_large_image","twitter_site":"@trescaires","twitter_misc":{"Temps estimat de lectura":"2 minuts"},"schema":{"@context":"https:\/\/schema.org","@graph":[{"@type":"WebPage","@id":"https:\/\/www.trescaires.com\/ca\/index.php\/blanc\/","url":"https:\/\/www.trescaires.com\/ca\/index.php\/blanc\/","name":"- Destiler\u00edas Jordi Perell\u00f3 SL Tres Caires","isPartOf":{"@id":"https:\/\/www.trescaires.com\/#website"},"primaryImageOfPage":{"@id":"https:\/\/www.trescaires.com\/ca\/index.php\/blanc\/#primaryimage"},"image":{"@id":"https:\/\/www.trescaires.com\/ca\/index.php\/blanc\/#primaryimage"},"thumbnailUrl":"https:\/\/www.trescaires.com\/wp-content\/uploads\/2017\/10\/mesclat-blanc-provisional-529x1024.jpg","datePublished":"2018-01-16T14:40:14+00:00","dateModified":"2025-03-25T19:26:35+00:00","inLanguage":"ca","potentialAction":[{"@type":"ReadAction","target":["https:\/\/www.trescaires.com\/ca\/index.php\/blanc\/"]}]},{"@type":"ImageObject","inLanguage":"ca","@id":"https:\/\/www.trescaires.com\/ca\/index.php\/blanc\/#primaryimage","url":"https:\/\/www.trescaires.com\/wp-content\/uploads\/2017\/10\/mesclat-blanc-provisional-529x1024.jpg","contentUrl":"https:\/\/www.trescaires.com\/wp-content\/uploads\/2017\/10\/mesclat-blanc-provisional-529x1024.jpg"},{"@type":"WebSite","@id":"https:\/\/www.trescaires.com\/#website","url":"https:\/\/www.trescaires.com\/","name":"Destiler\u00edas Jordi Perell\u00f3 SL Tres Caires","description":"Licores de Mallorca - Hierbas, Gin, Palo, Vinos, Ron","publisher":{"@id":"https:\/\/www.trescaires.com\/#organization"},"potentialAction":[{"@type":"SearchAction","target":{"@type":"EntryPoint","urlTemplate":"https:\/\/www.trescaires.com\/?s={search_term_string}"},"query-input":{"@type":"PropertyValueSpecification","valueRequired":true,"valueName":"search_term_string"}}],"inLanguage":"ca"},{"@type":"Organization","@id":"https:\/\/www.trescaires.com\/#organization","name":"Destiler\u00edas Jordi Perell\u00f3 SL","url":"https:\/\/www.trescaires.com\/","logo":{"@type":"ImageObject","inLanguage":"ca","@id":"https:\/\/www.trescaires.com\/#\/schema\/logo\/image\/","url":"https:\/\/www.trescaires.com\/wp-content\/uploads\/2017\/09\/CAB.jpg","contentUrl":"https:\/\/www.trescaires.com\/wp-content\/uploads\/2017\/09\/CAB.jpg","width":400,"height":130,"caption":"Destiler\u00edas Jordi Perell\u00f3 SL"},"image":{"@id":"https:\/\/www.trescaires.com\/#\/schema\/logo\/image\/"},"sameAs":["https:\/\/www.facebook.com\/trescairesonline","https:\/\/x.com\/trescaires","https:\/\/www.instagram.com\/3caires\/","https:\/\/www.youtube.com\/watch?v=8ydHYjtEn3w"]}]}},"_links":{"self":[{"href":"https:\/\/www.trescaires.com\/ca\/index.php\/wp-json\/wp\/v2\/pages\/1179","targetHints":{"allow":["GET"]}}],"collection":[{"href":"https:\/\/www.trescaires.com\/ca\/index.php\/wp-json\/wp\/v2\/pages"}],"about":[{"href":"https:\/\/www.trescaires.com\/ca\/index.php\/wp-json\/wp\/v2\/types\/page"}],"author":[{"embeddable":true,"href":"https:\/\/www.trescaires.com\/ca\/index.php\/wp-json\/wp\/v2\/users\/1"}],"replies":[{"embeddable":true,"href":"https:\/\/www.trescaires.com\/ca\/index.php\/wp-json\/wp\/v2\/comments?post=1179"}],"version-history":[{"count":6,"href":"https:\/\/www.trescaires.com\/ca\/index.php\/wp-json\/wp\/v2\/pages\/1179\/revisions"}],"predecessor-version":[{"id":12002,"href":"https:\/\/www.trescaires.com\/ca\/index.php\/wp-json\/wp\/v2\/pages\/1179\/revisions\/12002"}],"wp:attachment":[{"href":"https:\/\/www.trescaires.com\/ca\/index.php\/wp-json\/wp\/v2\/media?parent=1179"}],"curies":[{"name":"wp","href":"https:\/\/api.w.org\/{rel}","templated":true}]}}