{"id":585,"date":"2017-10-19T18:01:55","date_gmt":"2017-10-19T18:01:55","guid":{"rendered":"http:\/\/www.trescaires.com\/?page_id=585"},"modified":"2025-04-07T16:48:47","modified_gmt":"2025-04-07T16:48:47","slug":"blanc-2","status":"publish","type":"page","link":"https:\/\/www.trescaires.com\/index.php\/blanc-2\/","title":{"rendered":"Blanc"},"content":{"rendered":"<h2>Mesclat Blanc<\/h2>\n<p id=\"u2858-8\"><strong>An\u00eds dulce y an\u00eds seco<\/strong><\/p>\n<p><strong>36% VOL.<\/strong><\/p>\n<p id=\"u2858-12\"><strong>Disponible en:<\/strong><\/p>\n<p id=\"u4968-14\"><strong>\u2022 700 ml.<\/strong><\/p>\n<p>El<b>\u00a0mesclat<\/b>\u00a0es una bebida muy popular en <strong>Mallorca<\/strong>, sobre todo en tiempos de matanzas y para las festividades de <strong>San Antonio y San Sebasti\u00e1n<\/strong>.\u00a0Se trata de una combinaci\u00f3n de an\u00eds seco o\u00a0cazalla\u00a0con An\u00eds..<br \/>\n\t\t\t\t\t\t\t\t\t\t\t\t\t\t\t<img fetchpriority=\"high\" decoding=\"async\" width=\"529\" height=\"1024\" src=\"https:\/\/www.trescaires.com\/wp-content\/uploads\/2017\/10\/mesclat-blanc-provisional-529x1024.jpg\" alt=\"\" srcset=\"https:\/\/www.trescaires.com\/wp-content\/uploads\/2017\/10\/mesclat-blanc-provisional-529x1024.jpg 529w, https:\/\/www.trescaires.com\/wp-content\/uploads\/2017\/10\/mesclat-blanc-provisional-155x300.jpg 155w, https:\/\/www.trescaires.com\/wp-content\/uploads\/2017\/10\/mesclat-blanc-provisional.jpg 586w\" sizes=\"(max-width: 529px) 100vw, 529px\" \/><br \/>\n\t\t\t\t\t\t\t\t\t\t\t\t\t\t\t<img decoding=\"async\" width=\"567\" height=\"283\" src=\"https:\/\/www.trescaires.com\/wp-content\/uploads\/2017\/10\/logoJp.jpg\" alt=\"\" srcset=\"https:\/\/www.trescaires.com\/wp-content\/uploads\/2017\/10\/logoJp.jpg 567w, https:\/\/www.trescaires.com\/wp-content\/uploads\/2017\/10\/logoJp-300x150.jpg 300w\" sizes=\"(max-width: 567px) 100vw, 567px\" \/>\t\t\t\t\t\t\t\t\t\t\t\t\t\t\t<\/p>\n<figure class='gallery-item'>\n\t\t\t\t<a data-elementor-open-lightbox=\"yes\" data-elementor-lightbox-slideshow=\"haf7a55\" data-elementor-lightbox-title=\"mesclat-blanc\" data-e-action-hash=\"#elementor-action%3Aaction%3Dlightbox%26settings%3DeyJpZCI6NTg4LCJ1cmwiOiJodHRwczpcL1wvd3d3LnRyZXNjYWlyZXMuY29tXC93cC1jb250ZW50XC91cGxvYWRzXC8yMDE3XC8xMFwvbWVzY2xhdC1ibGFuYy1wcm92aXNpb25hbC5qcGciLCJzbGlkZXNob3ciOiJoYWY3YTU1In0%3D\" href='https:\/\/www.trescaires.com\/wp-content\/uploads\/2017\/10\/mesclat-blanc-provisional.jpg'><img width=\"150\" height=\"150\" src=\"https:\/\/www.trescaires.com\/wp-content\/uploads\/2017\/10\/mesclat-blanc-provisional-150x150.jpg\" alt=\"\" decoding=\"async\" srcset=\"https:\/\/www.trescaires.com\/wp-content\/uploads\/2017\/10\/mesclat-blanc-provisional-150x150.jpg 150w, https:\/\/www.trescaires.com\/wp-content\/uploads\/2017\/10\/mesclat-blanc-provisional-75x75.jpg 75w\" sizes=\"(max-width: 150px) 100vw, 150px\" \/><\/a><br \/>\n\t\t\t<\/figure>\n<p>El <b>mesclat blanc<\/b>\u00a0resulta la combinaci\u00f3n, en las proporciones adecuadas, de an\u00eds dulce y an\u00eds seco y es t\u00edpico de la comarca norte de <strong>Mallorca<\/strong>.<\/p>\n<h2>Se recomienda tomar fr\u00edo o con hielo.<\/h2>\n<p>\t\t\t\t\t\t\t\t\t\t\t\t\t\t\t<img loading=\"lazy\" decoding=\"async\" width=\"199\" height=\"197\" src=\"https:\/\/www.trescaires.com\/wp-content\/uploads\/2017\/10\/mesclat-blanc-copes.jpg\" alt=\"\" srcset=\"https:\/\/www.trescaires.com\/wp-content\/uploads\/2017\/10\/mesclat-blanc-copes.jpg 199w, https:\/\/www.trescaires.com\/wp-content\/uploads\/2017\/10\/mesclat-blanc-copes-75x75.jpg 75w\" sizes=\"(max-width: 199px) 100vw, 199px\" \/><\/p>\n","protected":false},"excerpt":{"rendered":"<p>Mesclat Blanc An\u00eds dulce y an\u00eds seco 36% VOL. Disponible en: \u2022 700 ml. El\u00a0mesclat\u00a0es una bebida muy popular en Mallorca, sobre todo en tiempos de matanzas y para las festividades de San Antonio y San Sebasti\u00e1n.\u00a0Se trata de una combinaci\u00f3n de an\u00eds seco o\u00a0cazalla\u00a0con An\u00eds.. El mesclat blanc\u00a0resulta la combinaci\u00f3n, en las proporciones adecuadas, [&hellip;]<\/p>\n","protected":false},"author":1,"featured_media":0,"parent":0,"menu_order":0,"comment_status":"closed","ping_status":"closed","template":"","meta":{"_genesis_hide_title":false,"_genesis_hide_breadcrumbs":false,"_genesis_hide_singular_image":false,"_genesis_hide_footer_widgets":false,"_genesis_custom_body_class":"","_genesis_custom_post_class":"","_genesis_layout":"","footnotes":""},"class_list":{"0":"post-585","1":"page","2":"type-page","3":"status-publish","5":"entry"},"yoast_head":"<!-- This site is optimized with the Yoast SEO plugin v27.1.1 - https:\/\/yoast.com\/product\/yoast-seo-wordpress\/ -->\n<title>Blanc - Destiler\u00edas Jordi Perell\u00f3 SL Tres Caires<\/title>\n<meta name=\"robots\" content=\"index, follow, max-snippet:-1, max-image-preview:large, max-video-preview:-1\" \/>\n<link rel=\"canonical\" href=\"https:\/\/www.trescaires.com\/index.php\/blanc-2\/\" \/>\n<meta property=\"og:locale\" content=\"es_ES\" \/>\n<meta property=\"og:type\" content=\"article\" \/>\n<meta property=\"og:title\" content=\"Blanc - Destiler\u00edas Jordi Perell\u00f3 SL Tres Caires\" \/>\n<meta property=\"og:description\" content=\"Mesclat Blanc An\u00eds dulce y an\u00eds seco 36% VOL. Disponible en: \u2022 700 ml. El\u00a0mesclat\u00a0es una bebida muy popular en Mallorca, sobre todo en tiempos de matanzas y para las festividades de San Antonio y San Sebasti\u00e1n.\u00a0Se trata de una combinaci\u00f3n de an\u00eds seco o\u00a0cazalla\u00a0con An\u00eds.. El mesclat blanc\u00a0resulta la combinaci\u00f3n, en las proporciones adecuadas, [&hellip;]\" \/>\n<meta property=\"og:url\" content=\"https:\/\/www.trescaires.com\/index.php\/blanc-2\/\" \/>\n<meta property=\"og:site_name\" content=\"Destiler\u00edas Jordi Perell\u00f3 SL Tres Caires\" \/>\n<meta property=\"article:publisher\" content=\"https:\/\/www.facebook.com\/trescairesonline\" \/>\n<meta property=\"article:modified_time\" content=\"2025-04-07T16:48:47+00:00\" \/>\n<meta property=\"og:image\" content=\"https:\/\/www.trescaires.com\/wp-content\/uploads\/2017\/10\/mesclat-blanc-provisional-529x1024.jpg\" \/>\n<meta name=\"twitter:card\" content=\"summary_large_image\" \/>\n<meta name=\"twitter:site\" content=\"@trescaires\" \/>\n<meta name=\"twitter:label1\" content=\"Tiempo de lectura\" \/>\n\t<meta name=\"twitter:data1\" content=\"2 minutos\" \/>\n<script type=\"application\/ld+json\" class=\"yoast-schema-graph\">{\"@context\":\"https:\/\/schema.org\",\"@graph\":[{\"@type\":\"WebPage\",\"@id\":\"https:\/\/www.trescaires.com\/index.php\/blanc-2\/\",\"url\":\"https:\/\/www.trescaires.com\/index.php\/blanc-2\/\",\"name\":\"Blanc - Destiler\u00edas Jordi Perell\u00f3 SL Tres Caires\",\"isPartOf\":{\"@id\":\"https:\/\/www.trescaires.com\/#website\"},\"primaryImageOfPage\":{\"@id\":\"https:\/\/www.trescaires.com\/index.php\/blanc-2\/#primaryimage\"},\"image\":{\"@id\":\"https:\/\/www.trescaires.com\/index.php\/blanc-2\/#primaryimage\"},\"thumbnailUrl\":\"https:\/\/www.trescaires.com\/wp-content\/uploads\/2017\/10\/mesclat-blanc-provisional-529x1024.jpg\",\"datePublished\":\"2017-10-19T18:01:55+00:00\",\"dateModified\":\"2025-04-07T16:48:47+00:00\",\"breadcrumb\":{\"@id\":\"https:\/\/www.trescaires.com\/index.php\/blanc-2\/#breadcrumb\"},\"inLanguage\":\"es\",\"potentialAction\":[{\"@type\":\"ReadAction\",\"target\":[\"https:\/\/www.trescaires.com\/index.php\/blanc-2\/\"]}]},{\"@type\":\"ImageObject\",\"inLanguage\":\"es\",\"@id\":\"https:\/\/www.trescaires.com\/index.php\/blanc-2\/#primaryimage\",\"url\":\"https:\/\/www.trescaires.com\/wp-content\/uploads\/2017\/10\/mesclat-blanc-provisional.jpg\",\"contentUrl\":\"https:\/\/www.trescaires.com\/wp-content\/uploads\/2017\/10\/mesclat-blanc-provisional.jpg\",\"width\":586,\"height\":1134},{\"@type\":\"BreadcrumbList\",\"@id\":\"https:\/\/www.trescaires.com\/index.php\/blanc-2\/#breadcrumb\",\"itemListElement\":[{\"@type\":\"ListItem\",\"position\":1,\"name\":\"Portada\",\"item\":\"https:\/\/www.trescaires.com\/\"},{\"@type\":\"ListItem\",\"position\":2,\"name\":\"Blanc\"}]},{\"@type\":\"WebSite\",\"@id\":\"https:\/\/www.trescaires.com\/#website\",\"url\":\"https:\/\/www.trescaires.com\/\",\"name\":\"Destiler\u00edas Jordi Perell\u00f3 SL Tres Caires\",\"description\":\"Licores de Mallorca - Hierbas, Gin, Palo, Vinos, Ron\",\"publisher\":{\"@id\":\"https:\/\/www.trescaires.com\/#organization\"},\"potentialAction\":[{\"@type\":\"SearchAction\",\"target\":{\"@type\":\"EntryPoint\",\"urlTemplate\":\"https:\/\/www.trescaires.com\/?s={search_term_string}\"},\"query-input\":{\"@type\":\"PropertyValueSpecification\",\"valueRequired\":true,\"valueName\":\"search_term_string\"}}],\"inLanguage\":\"es\"},{\"@type\":\"Organization\",\"@id\":\"https:\/\/www.trescaires.com\/#organization\",\"name\":\"Destiler\u00edas Jordi Perell\u00f3 SL\",\"url\":\"https:\/\/www.trescaires.com\/\",\"logo\":{\"@type\":\"ImageObject\",\"inLanguage\":\"es\",\"@id\":\"https:\/\/www.trescaires.com\/#\/schema\/logo\/image\/\",\"url\":\"https:\/\/www.trescaires.com\/wp-content\/uploads\/2017\/09\/CAB.jpg\",\"contentUrl\":\"https:\/\/www.trescaires.com\/wp-content\/uploads\/2017\/09\/CAB.jpg\",\"width\":400,\"height\":130,\"caption\":\"Destiler\u00edas Jordi Perell\u00f3 SL\"},\"image\":{\"@id\":\"https:\/\/www.trescaires.com\/#\/schema\/logo\/image\/\"},\"sameAs\":[\"https:\/\/www.facebook.com\/trescairesonline\",\"https:\/\/x.com\/trescaires\",\"https:\/\/www.instagram.com\/3caires\/\",\"https:\/\/www.youtube.com\/watch?v=8ydHYjtEn3w\"]}]}<\/script>\n<!-- \/ Yoast SEO plugin. -->","yoast_head_json":{"title":"Blanc - Destiler\u00edas Jordi Perell\u00f3 SL Tres Caires","robots":{"index":"index","follow":"follow","max-snippet":"max-snippet:-1","max-image-preview":"max-image-preview:large","max-video-preview":"max-video-preview:-1"},"canonical":"https:\/\/www.trescaires.com\/index.php\/blanc-2\/","og_locale":"es_ES","og_type":"article","og_title":"Blanc - Destiler\u00edas Jordi Perell\u00f3 SL Tres Caires","og_description":"Mesclat Blanc An\u00eds dulce y an\u00eds seco 36% VOL. Disponible en: \u2022 700 ml. El\u00a0mesclat\u00a0es una bebida muy popular en Mallorca, sobre todo en tiempos de matanzas y para las festividades de San Antonio y San Sebasti\u00e1n.\u00a0Se trata de una combinaci\u00f3n de an\u00eds seco o\u00a0cazalla\u00a0con An\u00eds.. El mesclat blanc\u00a0resulta la combinaci\u00f3n, en las proporciones adecuadas, [&hellip;]","og_url":"https:\/\/www.trescaires.com\/index.php\/blanc-2\/","og_site_name":"Destiler\u00edas Jordi Perell\u00f3 SL Tres Caires","article_publisher":"https:\/\/www.facebook.com\/trescairesonline","article_modified_time":"2025-04-07T16:48:47+00:00","og_image":[{"url":"https:\/\/www.trescaires.com\/wp-content\/uploads\/2017\/10\/mesclat-blanc-provisional-529x1024.jpg","type":"","width":"","height":""}],"twitter_card":"summary_large_image","twitter_site":"@trescaires","twitter_misc":{"Tiempo de lectura":"2 minutos"},"schema":{"@context":"https:\/\/schema.org","@graph":[{"@type":"WebPage","@id":"https:\/\/www.trescaires.com\/index.php\/blanc-2\/","url":"https:\/\/www.trescaires.com\/index.php\/blanc-2\/","name":"Blanc - Destiler\u00edas Jordi Perell\u00f3 SL Tres Caires","isPartOf":{"@id":"https:\/\/www.trescaires.com\/#website"},"primaryImageOfPage":{"@id":"https:\/\/www.trescaires.com\/index.php\/blanc-2\/#primaryimage"},"image":{"@id":"https:\/\/www.trescaires.com\/index.php\/blanc-2\/#primaryimage"},"thumbnailUrl":"https:\/\/www.trescaires.com\/wp-content\/uploads\/2017\/10\/mesclat-blanc-provisional-529x1024.jpg","datePublished":"2017-10-19T18:01:55+00:00","dateModified":"2025-04-07T16:48:47+00:00","breadcrumb":{"@id":"https:\/\/www.trescaires.com\/index.php\/blanc-2\/#breadcrumb"},"inLanguage":"es","potentialAction":[{"@type":"ReadAction","target":["https:\/\/www.trescaires.com\/index.php\/blanc-2\/"]}]},{"@type":"ImageObject","inLanguage":"es","@id":"https:\/\/www.trescaires.com\/index.php\/blanc-2\/#primaryimage","url":"https:\/\/www.trescaires.com\/wp-content\/uploads\/2017\/10\/mesclat-blanc-provisional.jpg","contentUrl":"https:\/\/www.trescaires.com\/wp-content\/uploads\/2017\/10\/mesclat-blanc-provisional.jpg","width":586,"height":1134},{"@type":"BreadcrumbList","@id":"https:\/\/www.trescaires.com\/index.php\/blanc-2\/#breadcrumb","itemListElement":[{"@type":"ListItem","position":1,"name":"Portada","item":"https:\/\/www.trescaires.com\/"},{"@type":"ListItem","position":2,"name":"Blanc"}]},{"@type":"WebSite","@id":"https:\/\/www.trescaires.com\/#website","url":"https:\/\/www.trescaires.com\/","name":"Destiler\u00edas Jordi Perell\u00f3 SL Tres Caires","description":"Licores de Mallorca - Hierbas, Gin, Palo, Vinos, Ron","publisher":{"@id":"https:\/\/www.trescaires.com\/#organization"},"potentialAction":[{"@type":"SearchAction","target":{"@type":"EntryPoint","urlTemplate":"https:\/\/www.trescaires.com\/?s={search_term_string}"},"query-input":{"@type":"PropertyValueSpecification","valueRequired":true,"valueName":"search_term_string"}}],"inLanguage":"es"},{"@type":"Organization","@id":"https:\/\/www.trescaires.com\/#organization","name":"Destiler\u00edas Jordi Perell\u00f3 SL","url":"https:\/\/www.trescaires.com\/","logo":{"@type":"ImageObject","inLanguage":"es","@id":"https:\/\/www.trescaires.com\/#\/schema\/logo\/image\/","url":"https:\/\/www.trescaires.com\/wp-content\/uploads\/2017\/09\/CAB.jpg","contentUrl":"https:\/\/www.trescaires.com\/wp-content\/uploads\/2017\/09\/CAB.jpg","width":400,"height":130,"caption":"Destiler\u00edas Jordi Perell\u00f3 SL"},"image":{"@id":"https:\/\/www.trescaires.com\/#\/schema\/logo\/image\/"},"sameAs":["https:\/\/www.facebook.com\/trescairesonline","https:\/\/x.com\/trescaires","https:\/\/www.instagram.com\/3caires\/","https:\/\/www.youtube.com\/watch?v=8ydHYjtEn3w"]}]}},"_links":{"self":[{"href":"https:\/\/www.trescaires.com\/index.php\/wp-json\/wp\/v2\/pages\/585","targetHints":{"allow":["GET"]}}],"collection":[{"href":"https:\/\/www.trescaires.com\/index.php\/wp-json\/wp\/v2\/pages"}],"about":[{"href":"https:\/\/www.trescaires.com\/index.php\/wp-json\/wp\/v2\/types\/page"}],"author":[{"embeddable":true,"href":"https:\/\/www.trescaires.com\/index.php\/wp-json\/wp\/v2\/users\/1"}],"replies":[{"embeddable":true,"href":"https:\/\/www.trescaires.com\/index.php\/wp-json\/wp\/v2\/comments?post=585"}],"version-history":[{"count":33,"href":"https:\/\/www.trescaires.com\/index.php\/wp-json\/wp\/v2\/pages\/585\/revisions"}],"predecessor-version":[{"id":12015,"href":"https:\/\/www.trescaires.com\/index.php\/wp-json\/wp\/v2\/pages\/585\/revisions\/12015"}],"wp:attachment":[{"href":"https:\/\/www.trescaires.com\/index.php\/wp-json\/wp\/v2\/media?parent=585"}],"curies":[{"name":"wp","href":"https:\/\/api.w.org\/{rel}","templated":true}]}}